{"id":1065,"date":"2025-02-13T11:50:01","date_gmt":"2025-02-13T10:50:01","guid":{"rendered":"https:\/\/www.jet24.at\/datenschutzrichtlinie\/"},"modified":"2025-06-04T12:26:37","modified_gmt":"2025-06-04T10:26:37","slug":"datenschutzrichtlinie","status":"publish","type":"page","link":"https:\/\/www.jet24.at\/de\/datenschutzrichtlinie\/","title":{"rendered":"Datenschutzrichtlinie"},"content":{"rendered":"\t\t<div data-elementor-type=\"wp-page\" data-elementor-id=\"1065\" class=\"elementor elementor-1065 elementor-3\" data-elementor-post-type=\"page\">\n\t\t\t\t<div class=\"elementor-element elementor-element-0b83d20 e-flex e-con-boxed e-con e-parent\" data-id=\"0b83d20\" data-element_type=\"container\" data-e-type=\"container\">\n\t\t\t\t\t<div class=\"e-con-inner\">\n\t\t\t\t<div class=\"elementor-element elementor-element-d32a9dc elementor-widget elementor-widget-heading\" data-id=\"d32a9dc\" data-element_type=\"widget\" data-e-type=\"widget\" data-widget_type=\"heading.default\">\n\t\t\t\t\t<h2 class=\"elementor-heading-title elementor-size-default\">Datenschutzrichtlinie<\/h2>\t\t\t\t<\/div>\n\t\t\t\t<div class=\"elementor-element elementor-element-3bff3a7 elementor-widget elementor-widget-text-editor\" data-id=\"3bff3a7\" data-element_type=\"widget\" data-e-type=\"widget\" data-widget_type=\"text-editor.default\">\n\t\t\t\t\t\t\t\t\t<p><em>Zuletzt aktualisiert am 20-Mar-2025<\/em><br><em>Datum des Inkrafttretens 20-Mar-2025<\/em><\/p><p>Diese Datenschutzrichtlinie beschreibt die Richtlinien der <strong>Jet 24 GmbH<\/strong>, Concorde Business Park C1\/D16, Nieder\u00f6sterreich 2320 Schwechat, \u00d6sterreich, E-Mail: <a href=\"mailto:office@jet24.at\">office@jet24.at,<\/a> Telefon: <a href=\"tel:+4313610124\">01 36 10 124<\/a> \u00fcber die Erfassung, Verwendung und Weitergabe Ihrer Daten, die wir bei der Nutzung unserer Website ( <a href=\"https:\/\/jet24.at\/\">https:\/\/jet24.at\/<\/a> ) erfassen. (der \u201eDienst\u201c). Indem Sie auf den Service zugreifen oder ihn nutzen, erkl\u00e4ren Sie sich mit der Erfassung, Verwendung und Weitergabe Ihrer Daten gem\u00e4\u00df dieser Datenschutzrichtlinie einverstanden. Wenn Sie damit nicht einverstanden sind, greifen Sie bitte nicht auf den Service zu und nutzen Sie ihn nicht.   <\/p><p>Wir k\u00f6nnen diese Datenschutzrichtlinie jederzeit ohne vorherige Ank\u00fcndigung \u00e4ndern und werden die \u00fcberarbeitete Datenschutzrichtlinie im Service ver\u00f6ffentlichen. Die \u00fcberarbeitete Richtlinie tritt 180 Tage nach der Ver\u00f6ffentlichung der \u00fcberarbeiteten Richtlinie im Service in Kraft. Wenn Sie nach diesem Zeitpunkt weiterhin auf den Service zugreifen oder ihn nutzen, erkl\u00e4ren Sie sich mit der \u00fcberarbeiteten Datenschutzrichtlinie einverstanden. Wir empfehlen Ihnen daher, diese Seite regelm\u00e4\u00dfig zu \u00fcberpr\u00fcfen.  <\/p><h5>Informationen, die wir sammeln:<\/h5><p>Wir werden die folgenden pers\u00f6nlichen Informationen \u00fcber Sie sammeln und verarbeiten:<\/p><ul><li>Name<\/li><li>E-Mail<\/li><li>Telefonnummer<\/li><\/ul><h5>Wie wir Ihre Informationen verwenden:<\/h5><p>Wir werden die Informationen, die wir \u00fcber Sie sammeln, f\u00fcr die folgenden Zwecke verwenden:<\/p><ul><li>Marketing\/Werbung<\/li><li>AGB durchzusetzen<\/li><li>Support<\/li><li>Informationen zur Verwaltung<\/li><\/ul><p>Wenn wir Ihre Daten f\u00fcr andere Zwecke verwenden m\u00f6chten, werden wir Sie um Ihre Zustimmung bitten und Ihre Daten nur nach Erhalt Ihrer Zustimmung und dann nur f\u00fcr den\/die Zweck(e) verwenden, f\u00fcr den\/die Sie Ihre Zustimmung erteilt haben, es sei denn, wir sind gesetzlich zu etwas anderem verpflichtet.<\/p><h5>Wie wir Ihre Informationen weitergeben:<\/h5><p>Wir werden Ihre pers\u00f6nlichen Daten nicht an Dritte weitergeben, ohne Ihre Zustimmung einzuholen, es sei denn, es liegen begrenzte Umst\u00e4nde vor, wie unten beschrieben:<\/p><ul><li>Juristische Personen<\/li><li>Analytik<\/li><li>Datenerfassung &amp; Prozess<\/li><\/ul><p>Wir verlangen von diesen Dritten, dass sie die personenbezogenen Daten, die wir ihnen \u00fcbermitteln, nur f\u00fcr den Zweck verwenden, f\u00fcr den sie \u00fcbermittelt wurden, und sie nicht l\u00e4nger aufbewahren, als es f\u00fcr die Erf\u00fcllung des genannten Zwecks erforderlich ist.<\/p><p>Wir k\u00f6nnen Ihre pers\u00f6nlichen Daten auch aus den folgenden Gr\u00fcnden offenlegen: (1) um geltendem Recht, Vorschriften, Gerichtsbeschl\u00fcssen oder anderen rechtlichen Verfahren nachzukommen; (2) um Ihre Vereinbarungen mit uns, einschlie\u00dflich dieser Datenschutzrichtlinie, durchzusetzen; oder (3) um auf Klagen zu reagieren, dass Ihre Nutzung des Dienstes die Rechte Dritter verletzt. Falls der Dienst oder unser Unternehmen mit einem anderen Unternehmen fusioniert oder \u00fcbernommen wird, geh\u00f6ren Ihre Daten zu den Verm\u00f6genswerten, die auf den neuen Eigent\u00fcmer \u00fcbertragen werden. <\/p><h5>Aufbewahrung Ihrer Informationen:<\/h5><p>Wir bewahren Ihre pers\u00f6nlichen Daten bei uns f\u00fcr 90 Tage bis 2 Jahre auf, nachdem Nutzer ihre Konten gek\u00fcndigt haben, oder so lange, wie wir sie ben\u00f6tigen, um die Zwecke zu erf\u00fcllen, f\u00fcr die sie gesammelt wurden, wie in dieser Datenschutzrichtlinie beschrieben. Es kann sein, dass wir bestimmte Informationen l\u00e4nger aufbewahren m\u00fcssen, z.B. f\u00fcr Aufzeichnungen\/Berichte in \u00dcbereinstimmung mit geltendem Recht oder aus anderen legitimen Gr\u00fcnden, wie z.B. zur Durchsetzung gesetzlicher Rechte, zur Betrugsbek\u00e4mpfung usw. Anonyme Restdaten und zusammengefasste Daten, die Sie nicht (direkt oder indirekt) identifizieren, k\u00f6nnen auf unbestimmte Zeit gespeichert werden.  <\/p><h5>Ihre Rechte:<\/h5><p>Je nach geltendem Recht haben Sie das Recht, auf Ihre personenbezogenen Daten zuzugreifen und sie zu berichtigen oder zu l\u00f6schen oder eine Kopie Ihrer personenbezogenen Daten zu erhalten, die aktive Verarbeitung Ihrer Daten einzuschr\u00e4nken oder ihr zu widersprechen, uns aufzufordern, Ihre personenbezogenen Daten an eine andere Stelle weiterzugeben (zu portieren), die uns erteilte Zustimmung zur Verarbeitung Ihrer Daten zu widerrufen, das Recht, eine Beschwerde bei einer gesetzlichen Beh\u00f6rde einzureichen, sowie weitere Rechte, die nach geltendem Recht relevant sein k\u00f6nnen. Um diese Rechte auszu\u00fcben, k\u00f6nnen Sie uns an <a href=\"mailto:office@jet24.at\">office@jet24.at schreiben .<\/a> Wir werden Ihre Anfrage in \u00dcbereinstimmung mit dem geltenden Recht beantworten.  <\/p><p>Bitte beachten Sie, dass Sie m\u00f6glicherweise nicht in der Lage sind, auf die Dienste zuzugreifen oder diese zu nutzen, f\u00fcr die Ihre Daten angefordert wurden, wenn Sie uns nicht erlauben, die erforderlichen personenbezogenen Daten zu sammeln oder zu verarbeiten, oder wenn Sie Ihre Zustimmung zur Verarbeitung dieser Daten f\u00fcr die erforderlichen Zwecke zur\u00fcckziehen.<\/p><h5>Cookies etc.<\/h5><p>Wenn Sie mehr dar\u00fcber erfahren m\u00f6chten, wie wir diese Technologien verwenden und welche M\u00f6glichkeiten Sie in Bezug auf diese Tracking-Technologien haben, lesen Sie bitte unsere Cookie-Richtlinie.<\/p><h5>Sicherheit:<\/h5><p>Die Sicherheit Ihrer Daten ist uns wichtig und wir werden angemessene Sicherheitsma\u00dfnahmen ergreifen, um den Verlust, den Missbrauch oder die unbefugte \u00c4nderung Ihrer Daten unter unserer Kontrolle zu verhindern. In Anbetracht der inh\u00e4renten Risiken k\u00f6nnen wir jedoch keine absolute Sicherheit garantieren. Folglich k\u00f6nnen wir die Sicherheit von Informationen, die Sie uns \u00fcbermitteln, weder gew\u00e4hrleisten noch garantieren, und Sie tun dies auf eigenes Risiko. <\/p><h5>Links zu Dritten &amp; Verwendung Ihrer Informationen:<\/h5><p>Unser Service kann Links zu anderen Websites enthalten, die nicht von uns betrieben werden. Diese Datenschutzrichtlinie bezieht sich nicht auf die Datenschutzrichtlinien und andere Praktiken Dritter, einschlie\u00dflich Dritter, die eine Website oder einen Service betreiben, der \u00fcber einen Link im Service zug\u00e4nglich ist. Wir empfehlen Ihnen dringend, die Datenschutzrichtlinien jeder Website, die Sie besuchen, zu \u00fcberpr\u00fcfen. Wir haben keine Kontrolle \u00fcber und \u00fcbernehmen keine Verantwortung f\u00fcr den Inhalt, die Datenschutzrichtlinien oder die Praktiken von Websites oder Diensten Dritter.   <\/p><h5>Beschwerde-\/Datenschutzbeauftragter:<\/h5><p>Wenn Sie Fragen oder Bedenken bez\u00fcglich der Verarbeitung Ihrer bei uns vorhandenen Daten haben, k\u00f6nnen Sie sich per E-Mail an unseren Beschwerdebeauftragten wenden: <strong>Jet 24 GmbH<\/strong>, Concorde Business Park C1\/D16, A-2320 Schwechat, E-Mail: <strong>office@jet24.at.<\/strong> Wir werden Ihre Bedenken in \u00dcbereinstimmung mit dem geltenden Recht behandeln. <\/p>\t\t\t\t\t\t\t\t<\/div>\n\t\t\t\t\t<\/div>\n\t\t\t\t<\/div>\n\t\t\t\t<\/div>\n\t\t","protected":false},"excerpt":{"rendered":"<p>Zuletzt aktualisiert am 20-Mar-2025Datum des Inkrafttretens 20-Mar-2025 Diese Datenschutzrichtlinie beschreibt die Richtlinien der Jet 24 GmbH, Concorde Business Park C1\/D16, Nieder\u00f6sterreich 2320 Schwechat, \u00d6sterreich, E-Mail: office@jet24.at, Telefon: 01 36 10 124 \u00fcber die Erfassung, Verwendung und Weitergabe Ihrer Daten, die wir bei der Nutzung unserer Website ( https:\/\/jet24.at\/ ) erfassen. (der \u201eDienst\u201c). Indem Sie auf [&hellip;]<\/p>\n","protected":false},"author":1,"featured_media":0,"parent":0,"menu_order":0,"comment_status":"closed","ping_status":"open","template":"","meta":{"footnotes":""},"class_list":["post-1065","page","type-page","status-publish","hentry"],"yoast_head":"<!-- This site is optimized with the Yoast SEO plugin v27.5 - https:\/\/yoast.com\/product\/yoast-seo-wordpress\/ -->\n<title>Datenschutzrichtlinie - JET24<\/title>\n<meta name=\"robots\" content=\"index, follow, max-snippet:-1, max-image-preview:large, max-video-preview:-1\" \/>\n<link rel=\"canonical\" href=\"https:\/\/www.jet24.at\/de\/datenschutzrichtlinie\/\" \/>\n<meta property=\"og:locale\" content=\"de_DE\" \/>\n<meta property=\"og:type\" content=\"article\" \/>\n<meta property=\"og:title\" content=\"Datenschutzrichtlinie - JET24\" \/>\n<meta property=\"og:description\" content=\"Zuletzt aktualisiert am 20-Mar-2025Datum des Inkrafttretens 20-Mar-2025 Diese Datenschutzrichtlinie beschreibt die Richtlinien der Jet 24 GmbH, Concorde Business Park C1\/D16, Nieder\u00f6sterreich 2320 Schwechat, \u00d6sterreich, E-Mail: office@jet24.at, Telefon: 01 36 10 124 \u00fcber die Erfassung, Verwendung und Weitergabe Ihrer Daten, die wir bei der Nutzung unserer Website ( https:\/\/jet24.at\/ ) erfassen. (der \u201eDienst\u201c). Indem Sie auf [&hellip;]\" \/>\n<meta property=\"og:url\" content=\"https:\/\/www.jet24.at\/de\/datenschutzrichtlinie\/\" \/>\n<meta property=\"og:site_name\" content=\"JET24\" \/>\n<meta property=\"article:modified_time\" content=\"2025-06-04T10:26:37+00:00\" \/>\n<meta name=\"twitter:card\" content=\"summary_large_image\" \/>\n<meta name=\"twitter:label1\" content=\"Gesch\u00e4tzte Lesezeit\" \/>\n\t<meta name=\"twitter:data1\" content=\"5\u00a0Minuten\" \/>\n<script type=\"application\/ld+json\" class=\"yoast-schema-graph\">{\"@context\":\"https:\\\/\\\/schema.org\",\"@graph\":[{\"@type\":\"WebPage\",\"@id\":\"https:\\\/\\\/www.jet24.at\\\/de\\\/datenschutzrichtlinie\\\/\",\"url\":\"https:\\\/\\\/www.jet24.at\\\/de\\\/datenschutzrichtlinie\\\/\",\"name\":\"Datenschutzrichtlinie - JET24\",\"isPartOf\":{\"@id\":\"https:\\\/\\\/www.jet24.at\\\/de\\\/#website\"},\"datePublished\":\"2025-02-13T10:50:01+00:00\",\"dateModified\":\"2025-06-04T10:26:37+00:00\",\"breadcrumb\":{\"@id\":\"https:\\\/\\\/www.jet24.at\\\/de\\\/datenschutzrichtlinie\\\/#breadcrumb\"},\"inLanguage\":\"de\",\"potentialAction\":[{\"@type\":\"ReadAction\",\"target\":[\"https:\\\/\\\/www.jet24.at\\\/de\\\/datenschutzrichtlinie\\\/\"]}]},{\"@type\":\"BreadcrumbList\",\"@id\":\"https:\\\/\\\/www.jet24.at\\\/de\\\/datenschutzrichtlinie\\\/#breadcrumb\",\"itemListElement\":[{\"@type\":\"ListItem\",\"position\":1,\"name\":\"Home\",\"item\":\"https:\\\/\\\/www.jet24.at\\\/de\\\/\"},{\"@type\":\"ListItem\",\"position\":2,\"name\":\"Datenschutzrichtlinie\"}]},{\"@type\":\"WebSite\",\"@id\":\"https:\\\/\\\/www.jet24.at\\\/de\\\/#website\",\"url\":\"https:\\\/\\\/www.jet24.at\\\/de\\\/\",\"name\":\"JET24\",\"description\":\"\",\"publisher\":{\"@id\":\"https:\\\/\\\/www.jet24.at\\\/de\\\/#organization\"},\"potentialAction\":[{\"@type\":\"SearchAction\",\"target\":{\"@type\":\"EntryPoint\",\"urlTemplate\":\"https:\\\/\\\/www.jet24.at\\\/de\\\/?s={search_term_string}\"},\"query-input\":{\"@type\":\"PropertyValueSpecification\",\"valueRequired\":true,\"valueName\":\"search_term_string\"}}],\"inLanguage\":\"de\"},{\"@type\":\"Organization\",\"@id\":\"https:\\\/\\\/www.jet24.at\\\/de\\\/#organization\",\"name\":\"JET24\",\"url\":\"https:\\\/\\\/www.jet24.at\\\/de\\\/\",\"logo\":{\"@type\":\"ImageObject\",\"inLanguage\":\"de\",\"@id\":\"https:\\\/\\\/www.jet24.at\\\/de\\\/#\\\/schema\\\/logo\\\/image\\\/\",\"url\":\"https:\\\/\\\/www.jet24.at\\\/wp-content\\\/uploads\\\/2025\\\/02\\\/Jet24_Logo.png\",\"contentUrl\":\"https:\\\/\\\/www.jet24.at\\\/wp-content\\\/uploads\\\/2025\\\/02\\\/Jet24_Logo.png\",\"width\":512,\"height\":156,\"caption\":\"JET24\"},\"image\":{\"@id\":\"https:\\\/\\\/www.jet24.at\\\/de\\\/#\\\/schema\\\/logo\\\/image\\\/\"}}]}<\/script>\n<!-- \/ Yoast SEO plugin. -->","yoast_head_json":{"title":"Datenschutzrichtlinie - JET24","robots":{"index":"index","follow":"follow","max-snippet":"max-snippet:-1","max-image-preview":"max-image-preview:large","max-video-preview":"max-video-preview:-1"},"canonical":"https:\/\/www.jet24.at\/de\/datenschutzrichtlinie\/","og_locale":"de_DE","og_type":"article","og_title":"Datenschutzrichtlinie - JET24","og_description":"Zuletzt aktualisiert am 20-Mar-2025Datum des Inkrafttretens 20-Mar-2025 Diese Datenschutzrichtlinie beschreibt die Richtlinien der Jet 24 GmbH, Concorde Business Park C1\/D16, Nieder\u00f6sterreich 2320 Schwechat, \u00d6sterreich, E-Mail: office@jet24.at, Telefon: 01 36 10 124 \u00fcber die Erfassung, Verwendung und Weitergabe Ihrer Daten, die wir bei der Nutzung unserer Website ( https:\/\/jet24.at\/ ) erfassen. (der \u201eDienst\u201c). Indem Sie auf [&hellip;]","og_url":"https:\/\/www.jet24.at\/de\/datenschutzrichtlinie\/","og_site_name":"JET24","article_modified_time":"2025-06-04T10:26:37+00:00","twitter_card":"summary_large_image","twitter_misc":{"Gesch\u00e4tzte Lesezeit":"5\u00a0Minuten"},"schema":{"@context":"https:\/\/schema.org","@graph":[{"@type":"WebPage","@id":"https:\/\/www.jet24.at\/de\/datenschutzrichtlinie\/","url":"https:\/\/www.jet24.at\/de\/datenschutzrichtlinie\/","name":"Datenschutzrichtlinie - JET24","isPartOf":{"@id":"https:\/\/www.jet24.at\/de\/#website"},"datePublished":"2025-02-13T10:50:01+00:00","dateModified":"2025-06-04T10:26:37+00:00","breadcrumb":{"@id":"https:\/\/www.jet24.at\/de\/datenschutzrichtlinie\/#breadcrumb"},"inLanguage":"de","potentialAction":[{"@type":"ReadAction","target":["https:\/\/www.jet24.at\/de\/datenschutzrichtlinie\/"]}]},{"@type":"BreadcrumbList","@id":"https:\/\/www.jet24.at\/de\/datenschutzrichtlinie\/#breadcrumb","itemListElement":[{"@type":"ListItem","position":1,"name":"Home","item":"https:\/\/www.jet24.at\/de\/"},{"@type":"ListItem","position":2,"name":"Datenschutzrichtlinie"}]},{"@type":"WebSite","@id":"https:\/\/www.jet24.at\/de\/#website","url":"https:\/\/www.jet24.at\/de\/","name":"JET24","description":"","publisher":{"@id":"https:\/\/www.jet24.at\/de\/#organization"},"potentialAction":[{"@type":"SearchAction","target":{"@type":"EntryPoint","urlTemplate":"https:\/\/www.jet24.at\/de\/?s={search_term_string}"},"query-input":{"@type":"PropertyValueSpecification","valueRequired":true,"valueName":"search_term_string"}}],"inLanguage":"de"},{"@type":"Organization","@id":"https:\/\/www.jet24.at\/de\/#organization","name":"JET24","url":"https:\/\/www.jet24.at\/de\/","logo":{"@type":"ImageObject","inLanguage":"de","@id":"https:\/\/www.jet24.at\/de\/#\/schema\/logo\/image\/","url":"https:\/\/www.jet24.at\/wp-content\/uploads\/2025\/02\/Jet24_Logo.png","contentUrl":"https:\/\/www.jet24.at\/wp-content\/uploads\/2025\/02\/Jet24_Logo.png","width":512,"height":156,"caption":"JET24"},"image":{"@id":"https:\/\/www.jet24.at\/de\/#\/schema\/logo\/image\/"}}]}},"_links":{"self":[{"href":"https:\/\/www.jet24.at\/de\/wp-json\/wp\/v2\/pages\/1065","targetHints":{"allow":["GET"]}}],"collection":[{"href":"https:\/\/www.jet24.at\/de\/wp-json\/wp\/v2\/pages"}],"about":[{"href":"https:\/\/www.jet24.at\/de\/wp-json\/wp\/v2\/types\/page"}],"author":[{"embeddable":true,"href":"https:\/\/www.jet24.at\/de\/wp-json\/wp\/v2\/users\/1"}],"replies":[{"embeddable":true,"href":"https:\/\/www.jet24.at\/de\/wp-json\/wp\/v2\/comments?post=1065"}],"version-history":[{"count":4,"href":"https:\/\/www.jet24.at\/de\/wp-json\/wp\/v2\/pages\/1065\/revisions"}],"predecessor-version":[{"id":1911,"href":"https:\/\/www.jet24.at\/de\/wp-json\/wp\/v2\/pages\/1065\/revisions\/1911"}],"wp:attachment":[{"href":"https:\/\/www.jet24.at\/de\/wp-json\/wp\/v2\/media?parent=1065"}],"curies":[{"name":"wp","href":"https:\/\/api.w.org\/{rel}","templated":true}]}}